{"id":5026,"date":"2024-09-20T18:35:54","date_gmt":"2024-09-20T18:35:54","guid":{"rendered":"https:\/\/burualine.com\/processo-criativo\/"},"modified":"2025-05-26T23:06:16","modified_gmt":"2025-05-26T23:06:16","slug":"processo-criativo","status":"publish","type":"page","link":"https:\/\/burualine.com\/pt-br\/processo-criativo\/","title":{"rendered":"Processo Criativo"},"content":{"rendered":"\t\t<div data-elementor-type=\"wp-page\" data-elementor-id=\"5026\" class=\"elementor elementor-5026 elementor-1612\">\n\t\t\t\t<main class=\"elementor-element elementor-element-341d7fc wave-container e-flex e-con-boxed wpr-particle-no wpr-jarallax-no wpr-parallax-no wpr-sticky-section-no e-con e-parent\" data-id=\"341d7fc\" data-element_type=\"container\" data-e-type=\"container\" data-settings=\"{&quot;background_background&quot;:&quot;classic&quot;}\">\n\t\t\t\t\t<div class=\"e-con-inner\">\n\t\t<div class=\"elementor-element elementor-element-7cf276e e-con-full e-flex wpr-particle-no wpr-jarallax-no wpr-parallax-no wpr-sticky-section-no e-con e-child\" data-id=\"7cf276e\" data-element_type=\"container\" data-e-type=\"container\">\n\t\t\t\t<div class=\"elementor-element elementor-element-a6bc30f elementor-widget elementor-widget-heading\" data-id=\"a6bc30f\" data-element_type=\"widget\" data-e-type=\"widget\" data-widget_type=\"heading.default\">\n\t\t\t\t<div class=\"elementor-widget-container\">\n\t\t\t\t\t<h2 class=\"elementor-heading-title elementor-size-default\">O Fluxo do rio<\/h2>\t\t\t\t<\/div>\n\t\t\t\t<\/div>\n\t\t\t\t<div class=\"elementor-element elementor-element-6426308 elementor-widget elementor-widget-text-editor\" data-id=\"6426308\" data-element_type=\"widget\" data-e-type=\"widget\" data-widget_type=\"text-editor.default\">\n\t\t\t\t<div class=\"elementor-widget-container\">\n\t\t\t\t\t\t\t\t\t<p>Assim como um rio nasce de uma fonte, expande-se e se transforma ao longo de seu curso at\u00e9 desaguar no mar, constru\u00edmos e propagamos nossa hist\u00f3ria.<\/p><p>&#8220;O Fluxo do Rio&#8221; \u00e9 um m\u00e9todo criativo e estrat\u00e9gico que desenvolvi para orientar o processo de cria\u00e7\u00e3o de projetos. Inspirado pela natureza fluida dos rios, ele nos conduz por etapas essenciais, garantindo que nossos projetos fluam com prop\u00f3sito e alcancem resultados significativos.<\/p><p>Neste processo, mergulhamos na jornada do cliente, explorando suas necessidades, desejos e aspira\u00e7\u00f5es. \u00c0 medida que avan\u00e7amos, coletamos insights, moldamos ideias e criamos solu\u00e7\u00f5es que se desdobram como afluentes em dire\u00e7\u00e3o ao nosso objetivo final: um projeto bem-sucedido e uma experi\u00eancia memor\u00e1vel para o cliente.<\/p>\t\t\t\t\t\t\t\t<\/div>\n\t\t\t\t<\/div>\n\t\t\t\t<\/div>\n\t\t\t\t\t<\/div>\n\t\t\t\t<\/main>\n\t\t<div class=\"elementor-element elementor-element-4754a80 e-flex e-con-boxed wpr-particle-no wpr-jarallax-no wpr-parallax-no wpr-sticky-section-no e-con e-parent\" data-id=\"4754a80\" data-element_type=\"container\" data-e-type=\"container\" data-settings=\"{&quot;background_background&quot;:&quot;classic&quot;}\">\n\t\t\t\t\t<div class=\"e-con-inner\">\n\t\t<div class=\"elementor-element elementor-element-c045855 e-con-full e-flex wpr-particle-no wpr-jarallax-no wpr-parallax-no wpr-sticky-section-no e-con e-child\" data-id=\"c045855\" data-element_type=\"container\" data-e-type=\"container\" data-settings=\"{&quot;position&quot;:&quot;absolute&quot;}\">\n\t\t\t\t<div class=\"elementor-element elementor-element-86fc9bc elementor-widget elementor-widget-heading\" data-id=\"86fc9bc\" data-element_type=\"widget\" data-e-type=\"widget\" data-widget_type=\"heading.default\">\n\t\t\t\t<div class=\"elementor-widget-container\">\n\t\t\t\t\t<h2 class=\"elementor-heading-title elementor-size-default\">Explore as etapas<br>do processo:<\/h2>\t\t\t\t<\/div>\n\t\t\t\t<\/div>\n\t\t\t\t<\/div>\n\t\t<div class=\"elementor-element elementor-element-ea47986 e-grid e-con-boxed wpr-particle-no wpr-jarallax-no wpr-parallax-no wpr-sticky-section-no e-con e-child\" data-id=\"ea47986\" data-element_type=\"container\" data-e-type=\"container\" data-settings=\"{&quot;position&quot;:&quot;absolute&quot;}\">\n\t\t\t\t\t<div class=\"e-con-inner\">\n\t\t\t\t<div class=\"elementor-element elementor-element-1897904 elementor-widget__width-initial elementor-widget elementor-widget-image\" data-id=\"1897904\" data-element_type=\"widget\" data-e-type=\"widget\" data-widget_type=\"image.default\">\n\t\t\t\t<div class=\"elementor-widget-container\">\n\t\t\t\t\t\t\t\t\t\t\t\t\t\t\t<img fetchpriority=\"high\" decoding=\"async\" width=\"300\" height=\"300\" src=\"https:\/\/burualine.com\/wp-content\/uploads\/2025\/01\/nascente-300x300.png\" class=\"attachment-medium size-medium wp-image-6999\" alt=\"\" srcset=\"https:\/\/burualine.com\/wp-content\/uploads\/2025\/01\/nascente-300x300.png 300w, https:\/\/burualine.com\/wp-content\/uploads\/2025\/01\/nascente-150x150.png 150w, https:\/\/burualine.com\/wp-content\/uploads\/2025\/01\/elementor\/thumbs\/nascente-r0b1eqs1nlqnzcnjvtcyn2osje3tqznwer0dk0xcma.png 125w, https:\/\/burualine.com\/wp-content\/uploads\/2025\/01\/elementor\/thumbs\/nascente-r0b1eqs2khtzourup00c84tkbe9jqt2otlg962s9n4.png 200w, https:\/\/burualine.com\/wp-content\/uploads\/2025\/01\/nascente.png 407w\" sizes=\"(max-width: 300px) 100vw, 300px\" \/>\t\t\t\t\t\t\t\t\t\t\t\t\t\t\t<\/div>\n\t\t\t\t<\/div>\n\t\t\t\t<div class=\"elementor-element elementor-element-3b3e349 elementor-widget__width-initial elementor-widget elementor-widget-heading\" data-id=\"3b3e349\" data-element_type=\"widget\" data-e-type=\"widget\" data-widget_type=\"heading.default\">\n\t\t\t\t<div class=\"elementor-widget-container\">\n\t\t\t\t\t<h2 class=\"elementor-heading-title elementor-size-default\">01 - Nascente<\/h2>\t\t\t\t<\/div>\n\t\t\t\t<\/div>\n\t\t\t\t<div class=\"elementor-element elementor-element-e9e5cc3 elementor-widget elementor-widget-text-editor\" data-id=\"e9e5cc3\" data-element_type=\"widget\" data-e-type=\"widget\" data-widget_type=\"text-editor.default\">\n\t\t\t\t<div class=\"elementor-widget-container\">\n\t\t\t\t\t\t\t\t\t<p>Iniciamos com uma imers\u00e3o nas necessidades do cliente, realizando pesquisas para entender profundamente a marca, seus valores, objetivos e p\u00fablico-alvo, garantindo que o design fortale\u00e7a seu posicionamento no mercado.<\/p>\t\t\t\t\t\t\t\t<\/div>\n\t\t\t\t<\/div>\n\t\t\t\t\t<\/div>\n\t\t\t\t<\/div>\n\t\t<div class=\"elementor-element elementor-element-c8252ec e-grid e-con-boxed wpr-particle-no wpr-jarallax-no wpr-parallax-no wpr-sticky-section-no e-con e-child\" data-id=\"c8252ec\" data-element_type=\"container\" data-e-type=\"container\" data-settings=\"{&quot;position&quot;:&quot;absolute&quot;}\">\n\t\t\t\t\t<div class=\"e-con-inner\">\n\t\t\t\t<div class=\"elementor-element elementor-element-050ed2d elementor-widget elementor-widget-image\" data-id=\"050ed2d\" data-element_type=\"widget\" data-e-type=\"widget\" data-widget_type=\"image.default\">\n\t\t\t\t<div class=\"elementor-widget-container\">\n\t\t\t\t\t\t\t\t\t\t\t\t\t\t\t<img decoding=\"async\" width=\"300\" height=\"300\" src=\"https:\/\/burualine.com\/wp-content\/uploads\/2025\/01\/margem-300x300.png\" class=\"attachment-medium size-medium wp-image-6997\" alt=\"\" srcset=\"https:\/\/burualine.com\/wp-content\/uploads\/2025\/01\/margem-300x300.png 300w, https:\/\/burualine.com\/wp-content\/uploads\/2025\/01\/margem-150x150.png 150w, https:\/\/burualine.com\/wp-content\/uploads\/2025\/01\/elementor\/thumbs\/margem-r0b1epu7grpdnqox1ayc2kxby08gjak62mcw2qyqsi.png 125w, https:\/\/burualine.com\/wp-content\/uploads\/2025\/01\/margem.png 407w\" sizes=\"(max-width: 300px) 100vw, 300px\" \/>\t\t\t\t\t\t\t\t\t\t\t\t\t\t\t<\/div>\n\t\t\t\t<\/div>\n\t\t\t\t<div class=\"elementor-element elementor-element-d50ae28 elementor-widget__width-initial elementor-widget elementor-widget-heading\" data-id=\"d50ae28\" data-element_type=\"widget\" data-e-type=\"widget\" data-widget_type=\"heading.default\">\n\t\t\t\t<div class=\"elementor-widget-container\">\n\t\t\t\t\t<h2 class=\"elementor-heading-title elementor-size-default\">03 - Margem<\/h2>\t\t\t\t<\/div>\n\t\t\t\t<\/div>\n\t\t\t\t<div class=\"elementor-element elementor-element-1a326dd elementor-widget elementor-widget-text-editor\" data-id=\"1a326dd\" data-element_type=\"widget\" data-e-type=\"widget\" data-widget_type=\"text-editor.default\">\n\t\t\t\t<div class=\"elementor-widget-container\">\n\t\t\t\t\t\t\t\t\t<p>Onde a \u00e0gua encontra a terra, \u00e0 beira do rio, acontece a transforma\u00e7\u00e3o: as ideias desenvolvidas ganham forma como artes finais e propostas concretas, prontas para serem entregues ao cliente.<\/p>\t\t\t\t\t\t\t\t<\/div>\n\t\t\t\t<\/div>\n\t\t\t\t\t<\/div>\n\t\t\t\t<\/div>\n\t\t<div class=\"elementor-element elementor-element-7926b50 e-grid e-con-boxed wpr-particle-no wpr-jarallax-no wpr-parallax-no wpr-sticky-section-no e-con e-child\" data-id=\"7926b50\" data-element_type=\"container\" data-e-type=\"container\" data-settings=\"{&quot;position&quot;:&quot;absolute&quot;}\">\n\t\t\t\t\t<div class=\"e-con-inner\">\n\t\t\t\t<div class=\"elementor-element elementor-element-aef4c55 elementor-widget elementor-widget-image\" data-id=\"aef4c55\" data-element_type=\"widget\" data-e-type=\"widget\" data-widget_type=\"image.default\">\n\t\t\t\t<div class=\"elementor-widget-container\">\n\t\t\t\t\t\t\t\t\t\t\t\t\t\t\t<img decoding=\"async\" width=\"300\" height=\"300\" src=\"https:\/\/burualine.com\/wp-content\/uploads\/2025\/01\/leito-300x300.png\" class=\"attachment-medium size-medium wp-image-6995\" alt=\"\" srcset=\"https:\/\/burualine.com\/wp-content\/uploads\/2025\/01\/leito-300x300.png 300w, https:\/\/burualine.com\/wp-content\/uploads\/2025\/01\/leito-150x150.png 150w, https:\/\/burualine.com\/wp-content\/uploads\/2025\/01\/elementor\/thumbs\/leito-r0b1epu7grpdnqox1ayc2kxby08gjak62mcw2qyqsi.png 125w, https:\/\/burualine.com\/wp-content\/uploads\/2025\/01\/leito.png 407w\" sizes=\"(max-width: 300px) 100vw, 300px\" \/>\t\t\t\t\t\t\t\t\t\t\t\t\t\t\t<\/div>\n\t\t\t\t<\/div>\n\t\t\t\t<div class=\"elementor-element elementor-element-ec4fdbf elementor-widget__width-initial elementor-widget elementor-widget-heading\" data-id=\"ec4fdbf\" data-element_type=\"widget\" data-e-type=\"widget\" data-widget_type=\"heading.default\">\n\t\t\t\t<div class=\"elementor-widget-container\">\n\t\t\t\t\t<h2 class=\"elementor-heading-title elementor-size-default\">02 - Leito <\/h2>\t\t\t\t<\/div>\n\t\t\t\t<\/div>\n\t\t\t\t<div class=\"elementor-element elementor-element-d9a6974 elementor-widget__width-initial elementor-widget elementor-widget-text-editor\" data-id=\"d9a6974\" data-element_type=\"widget\" data-e-type=\"widget\" data-widget_type=\"text-editor.default\">\n\t\t\t\t<div class=\"elementor-widget-container\">\n\t\t\t\t\t\t\t\t\t<p>O espa\u00e7o ocupado pelas \u00e1guas, onde deixamos espa\u00e7o para as ideias. A partir do que extra\u00edmos da nascente, iniciamos a jornada criativa. <br \/>A arte e o design s\u00e3o linguagens utilizadas para expressar o que \u00e9 moldado na nascente, trazendo as melhores solu\u00e7\u00f5es por meio da cria\u00e7\u00e3o de identidades visuais, estampas, ilustra\u00e7\u00f5es e anima\u00e7\u00f5es.<\/p>\t\t\t\t\t\t\t\t<\/div>\n\t\t\t\t<\/div>\n\t\t\t\t\t<\/div>\n\t\t\t\t<\/div>\n\t\t<div class=\"elementor-element elementor-element-d535786 e-grid e-con-boxed wpr-particle-no wpr-jarallax-no wpr-parallax-no wpr-sticky-section-no e-con e-child\" data-id=\"d535786\" data-element_type=\"container\" data-e-type=\"container\" data-settings=\"{&quot;position&quot;:&quot;absolute&quot;}\">\n\t\t\t\t\t<div class=\"e-con-inner\">\n\t\t\t\t<div class=\"elementor-element elementor-element-8eae32c elementor-widget elementor-widget-image\" data-id=\"8eae32c\" data-element_type=\"widget\" data-e-type=\"widget\" data-widget_type=\"image.default\">\n\t\t\t\t<div class=\"elementor-widget-container\">\n\t\t\t\t\t\t\t\t\t\t\t\t\t\t\t<img loading=\"lazy\" decoding=\"async\" width=\"300\" height=\"300\" src=\"https:\/\/burualine.com\/wp-content\/uploads\/2025\/01\/foz-300x300.png\" class=\"attachment-medium size-medium wp-image-6993\" alt=\"\" srcset=\"https:\/\/burualine.com\/wp-content\/uploads\/2025\/01\/foz-300x300.png 300w, https:\/\/burualine.com\/wp-content\/uploads\/2025\/01\/foz-150x150.png 150w, https:\/\/burualine.com\/wp-content\/uploads\/2025\/01\/elementor\/thumbs\/foz-r0b1eowd9xo3c4qa6sjpi35vcmd3blgfqhpelh04yq.png 125w, https:\/\/burualine.com\/wp-content\/uploads\/2025\/01\/foz.png 407w\" sizes=\"(max-width: 300px) 100vw, 300px\" \/>\t\t\t\t\t\t\t\t\t\t\t\t\t\t\t<\/div>\n\t\t\t\t<\/div>\n\t\t\t\t<div class=\"elementor-element elementor-element-19389bf elementor-widget__width-initial elementor-widget elementor-widget-heading\" data-id=\"19389bf\" data-element_type=\"widget\" data-e-type=\"widget\" data-widget_type=\"heading.default\">\n\t\t\t\t<div class=\"elementor-widget-container\">\n\t\t\t\t\t<h2 class=\"elementor-heading-title elementor-size-default\">04 - Foz<\/h2>\t\t\t\t<\/div>\n\t\t\t\t<\/div>\n\t\t\t\t<div class=\"elementor-element elementor-element-d8726b4 elementor-widget elementor-widget-text-editor\" data-id=\"d8726b4\" data-element_type=\"widget\" data-e-type=\"widget\" data-widget_type=\"text-editor.default\">\n\t\t\t\t<div class=\"elementor-widget-container\">\n\t\t\t\t\t\t\t\t\t<p>Onde as \u00e1guas desaguam, o rio se expande em mar, chegamos a etapa final: apresenta\u00e7\u00e3o do projeto ao cliente e prepara\u00e7\u00e3o da entrega dos arquivos finais, prontos para sua expans\u00e3o no mercado.<\/p>\t\t\t\t\t\t\t\t<\/div>\n\t\t\t\t<\/div>\n\t\t\t\t\t<\/div>\n\t\t\t\t<\/div>\n\t\t\t\t\t<\/div>\n\t\t\t\t<\/div>\n\t\t<div class=\"elementor-element elementor-element-f241909 e-flex e-con-boxed wpr-particle-no wpr-jarallax-no wpr-parallax-no wpr-sticky-section-no e-con e-parent\" data-id=\"f241909\" data-element_type=\"container\" data-e-type=\"container\">\n\t\t\t\t\t<div class=\"e-con-inner\">\n\t\t<div class=\"elementor-element elementor-element-0122f82 e-con-full e-flex wpr-particle-no wpr-jarallax-no wpr-parallax-no wpr-sticky-section-no e-con e-child\" data-id=\"0122f82\" data-element_type=\"container\" data-e-type=\"container\" data-settings=\"{&quot;shape_divider_top&quot;:&quot;waves&quot;}\">\n\t\t\t\t<div class=\"elementor-shape elementor-shape-top\" aria-hidden=\"true\" data-negative=\"false\">\n\t\t\t<svg xmlns=\"http:\/\/www.w3.org\/2000\/svg\" viewBox=\"0 0 1000 100\" preserveAspectRatio=\"none\">\n\t<path class=\"elementor-shape-fill\" d=\"M421.9,6.5c22.6-2.5,51.5,0.4,75.5,5.3c23.6,4.9,70.9,23.5,100.5,35.7c75.8,32.2,133.7,44.5,192.6,49.7\n\tc23.6,2.1,48.7,3.5,103.4-2.5c54.7-6,106.2-25.6,106.2-25.6V0H0v30.3c0,0,72,32.6,158.4,30.5c39.2-0.7,92.8-6.7,134-22.4\n\tc21.2-8.1,52.2-18.2,79.7-24.2C399.3,7.9,411.6,7.5,421.9,6.5z\"\/>\n<\/svg>\t\t<\/div>\n\t\t<div class=\"elementor-element elementor-element-fff3d41 e-flex e-con-boxed wpr-particle-no wpr-jarallax-no wpr-parallax-no wpr-sticky-section-no e-con e-child\" data-id=\"fff3d41\" data-element_type=\"container\" data-e-type=\"container\">\n\t\t\t\t\t<div class=\"e-con-inner\">\n\t\t\t\t<div class=\"elementor-element elementor-element-502f255 elementor-widget__width-initial elementor-widget elementor-widget-text-editor\" data-id=\"502f255\" data-element_type=\"widget\" data-e-type=\"widget\" data-widget_type=\"text-editor.default\">\n\t\t\t\t<div class=\"elementor-widget-container\">\n\t\t\t\t\t\t\t\t\t<p>Vamos criar algo incr\u00edvel juntos?<\/p>\t\t\t\t\t\t\t\t<\/div>\n\t\t\t\t<\/div>\n\t\t\t\t\t<\/div>\n\t\t\t\t<\/div>\n\t\t\t\t<div class=\"elementor-element elementor-element-e0085e9 elementor-align-center elementor-widget elementor-widget-button\" data-id=\"e0085e9\" data-element_type=\"widget\" data-e-type=\"widget\" data-widget_type=\"button.default\">\n\t\t\t\t<div class=\"elementor-widget-container\">\n\t\t\t\t\t\t\t\t\t<div class=\"elementor-button-wrapper\">\n\t\t\t\t\t<a class=\"elementor-button elementor-button-link elementor-size-sm\" href=\"https:\/\/burualine.com\/pt-br\/contato\/\">\n\t\t\t\t\t\t<span class=\"elementor-button-content-wrapper\">\n\t\t\t\t\t\t\t\t\t<span class=\"elementor-button-text\">vamos conversar<\/span>\n\t\t\t\t\t<\/span>\n\t\t\t\t\t<\/a>\n\t\t\t\t<\/div>\n\t\t\t\t\t\t\t\t<\/div>\n\t\t\t\t<\/div>\n\t\t\t\t<\/div>\n\t\t\t\t\t<\/div>\n\t\t\t\t<\/div>\n\t\t\t\t<\/div>\n\t\t","protected":false},"excerpt":{"rendered":"<p>O Fluxo do rio Assim como um rio nasce de uma fonte, expande-se e se transforma ao longo de seu curso at\u00e9 desaguar no mar, constru\u00edmos e propagamos nossa hist\u00f3ria. &#8220;O Fluxo do Rio&#8221; \u00e9 um m\u00e9todo criativo e estrat\u00e9gico que desenvolvi para orientar o processo de cria\u00e7\u00e3o de projetos. Inspirado pela natureza fluida dos rios, ele nos conduz por etapas essenciais, garantindo que nossos projetos fluam com prop\u00f3sito e alcancem resultados significativos. Neste processo, mergulhamos na jornada do cliente, explorando suas necessidades, desejos e aspira\u00e7\u00f5es. \u00c0 medida que avan\u00e7amos, coletamos insights, moldamos ideias e criamos solu\u00e7\u00f5es que se desdobram como afluentes em dire\u00e7\u00e3o ao nosso objetivo final: um projeto bem-sucedido e uma experi\u00eancia memor\u00e1vel para o cliente. Explore as etapasdo processo: 01 &#8211; Nascente Iniciamos com uma imers\u00e3o nas necessidades do cliente, realizando pesquisas para entender profundamente a marca, seus valores, objetivos e p\u00fablico-alvo, garantindo que o design fortale\u00e7a seu posicionamento no mercado. 03 &#8211; Margem Onde a \u00e0gua encontra a terra, \u00e0 beira do rio, acontece a transforma\u00e7\u00e3o: as ideias desenvolvidas ganham forma como artes finais e propostas concretas, prontas para serem entregues ao cliente. 02 &#8211; Leito O espa\u00e7o ocupado pelas \u00e1guas, onde deixamos espa\u00e7o para as ideias. A partir do que extra\u00edmos da nascente, iniciamos a jornada criativa. A arte e o design s\u00e3o linguagens utilizadas para expressar o que \u00e9 moldado na nascente, trazendo as melhores solu\u00e7\u00f5es por meio da cria\u00e7\u00e3o de identidades visuais, estampas, ilustra\u00e7\u00f5es e anima\u00e7\u00f5es. 04 &#8211; Foz Onde as \u00e1guas desaguam, o rio se expande em mar, chegamos a etapa final: apresenta\u00e7\u00e3o do projeto ao cliente e prepara\u00e7\u00e3o da entrega dos arquivos finais, prontos para sua expans\u00e3o no mercado. Vamos criar algo incr\u00edvel juntos? vamos conversar<\/p>\n","protected":false},"author":1,"featured_media":0,"parent":0,"menu_order":0,"comment_status":"closed","ping_status":"closed","template":"","meta":{"_eb_attr":"","site-sidebar-layout":"no-sidebar","site-content-layout":"","ast-site-content-layout":"full-width-container","site-content-style":"default","site-sidebar-style":"default","ast-global-header-display":"","ast-banner-title-visibility":"","ast-main-header-display":"","ast-hfb-above-header-display":"","ast-hfb-below-header-display":"","ast-hfb-mobile-header-display":"","site-post-title":"disabled","ast-breadcrumbs-content":"","ast-featured-img":"disabled","footer-sml-layout":"","ast-disable-related-posts":"","theme-transparent-header-meta":"","adv-header-id-meta":"","stick-header-meta":"","header-above-stick-meta":"","header-main-stick-meta":"","header-below-stick-meta":"","astra-migrate-meta-layouts":"default","ast-page-background-enabled":"default","ast-page-background-meta":{"desktop":{"background-color":"var(--ast-global-color-4)","background-image":"","background-repeat":"repeat","background-position":"center center","background-size":"auto","background-attachment":"scroll","background-type":"","background-media":"","overlay-type":"","overlay-color":"","overlay-opacity":"","overlay-gradient":""},"tablet":{"background-color":"","background-image":"","background-repeat":"repeat","background-position":"center center","background-size":"auto","background-attachment":"scroll","background-type":"","background-media":"","overlay-type":"","overlay-color":"","overlay-opacity":"","overlay-gradient":""},"mobile":{"background-color":"","background-image":"","background-repeat":"repeat","background-position":"center center","background-size":"auto","background-attachment":"scroll","background-type":"","background-media":"","overlay-type":"","overlay-color":"","overlay-opacity":"","overlay-gradient":""}},"ast-content-background-meta":{"desktop":{"background-color":"var(--ast-global-color-5)","background-image":"","background-repeat":"repeat","background-position":"center center","background-size":"auto","background-attachment":"scroll","background-type":"","background-media":"","overlay-type":"","overlay-color":"","overlay-opacity":"","overlay-gradient":""},"tablet":{"background-color":"var(--ast-global-color-5)","background-image":"","background-repeat":"repeat","background-position":"center center","background-size":"auto","background-attachment":"scroll","background-type":"","background-media":"","overlay-type":"","overlay-color":"","overlay-opacity":"","overlay-gradient":""},"mobile":{"background-color":"var(--ast-global-color-5)","background-image":"","background-repeat":"repeat","background-position":"center center","background-size":"auto","background-attachment":"scroll","background-type":"","background-media":"","overlay-type":"","overlay-color":"","overlay-opacity":"","overlay-gradient":""}},"_vp_format_video_url":"","_vp_image_focal_point":[],"_joinchat":[],"footnotes":""},"class_list":["post-5026","page","type-page","status-publish","hentry"],"_links":{"self":[{"href":"https:\/\/burualine.com\/pt-br\/wp-json\/wp\/v2\/pages\/5026","targetHints":{"allow":["GET"]}}],"collection":[{"href":"https:\/\/burualine.com\/pt-br\/wp-json\/wp\/v2\/pages"}],"about":[{"href":"https:\/\/burualine.com\/pt-br\/wp-json\/wp\/v2\/types\/page"}],"author":[{"embeddable":true,"href":"https:\/\/burualine.com\/pt-br\/wp-json\/wp\/v2\/users\/1"}],"replies":[{"embeddable":true,"href":"https:\/\/burualine.com\/pt-br\/wp-json\/wp\/v2\/comments?post=5026"}],"version-history":[{"count":29,"href":"https:\/\/burualine.com\/pt-br\/wp-json\/wp\/v2\/pages\/5026\/revisions"}],"predecessor-version":[{"id":7590,"href":"https:\/\/burualine.com\/pt-br\/wp-json\/wp\/v2\/pages\/5026\/revisions\/7590"}],"wp:attachment":[{"href":"https:\/\/burualine.com\/pt-br\/wp-json\/wp\/v2\/media?parent=5026"}],"curies":[{"name":"wp","href":"https:\/\/api.w.org\/{rel}","templated":true}]}}