{"id":5024,"date":"2024-09-20T18:08:43","date_gmt":"2024-09-20T18:08:43","guid":{"rendered":"https:\/\/burualine.com\/sobre-voce\/"},"modified":"2025-07-02T20:53:56","modified_gmt":"2025-07-02T20:53:56","slug":"sobre-nos","status":"publish","type":"page","link":"https:\/\/burualine.com\/pt-br\/sobre-nos\/","title":{"rendered":"Sobre"},"content":{"rendered":"\t\t<div data-elementor-type=\"wp-page\" data-elementor-id=\"5024\" class=\"elementor elementor-5024 elementor-1611\">\n\t\t\t\t<main class=\"elementor-element elementor-element-341d7fc wave-container e-flex e-con-boxed wpr-particle-no wpr-jarallax-no wpr-parallax-no wpr-sticky-section-no e-con e-parent\" data-id=\"341d7fc\" data-element_type=\"container\" data-e-type=\"container\" data-settings=\"{&quot;background_background&quot;:&quot;classic&quot;,&quot;shape_divider_bottom&quot;:&quot;waves&quot;,&quot;shape_divider_bottom_negative&quot;:&quot;yes&quot;}\">\n\t\t\t\t\t<div class=\"e-con-inner\">\n\t\t\t\t<div class=\"elementor-shape elementor-shape-bottom\" aria-hidden=\"true\" data-negative=\"true\">\n\t\t\t<svg xmlns=\"http:\/\/www.w3.org\/2000\/svg\" viewBox=\"0 0 1000 100\" preserveAspectRatio=\"none\">\n\t<path class=\"elementor-shape-fill\" d=\"M790.5,93.1c-59.3-5.3-116.8-18-192.6-50c-29.6-12.7-76.9-31-100.5-35.9c-23.6-4.9-52.6-7.8-75.5-5.3\n\tc-10.2,1.1-22.6,1.4-50.1,7.4c-27.2,6.3-58.2,16.6-79.4,24.7c-41.3,15.9-94.9,21.9-134,22.6C72,58.2,0,25.8,0,25.8V100h1000V65.3\n\tc0,0-51.5,19.4-106.2,25.7C839.5,97,814.1,95.2,790.5,93.1z\"\/>\n<\/svg>\t\t<\/div>\n\t\t<div class=\"elementor-element elementor-element-2cc06fb e-flex e-con-boxed wpr-particle-no wpr-jarallax-no wpr-parallax-no wpr-sticky-section-no e-con e-child\" data-id=\"2cc06fb\" data-element_type=\"container\" data-e-type=\"container\">\n\t\t\t\t\t<div class=\"e-con-inner\">\n\t\t\t\t<div class=\"elementor-element elementor-element-75fb7cc elementor-widget elementor-widget-image\" data-id=\"75fb7cc\" data-element_type=\"widget\" data-e-type=\"widget\" data-widget_type=\"image.default\">\n\t\t\t\t<div class=\"elementor-widget-container\">\n\t\t\t\t\t\t\t\t\t\t\t\t\t\t\t<img fetchpriority=\"high\" decoding=\"async\" width=\"768\" height=\"768\" src=\"https:\/\/burualine.com\/wp-content\/uploads\/2024\/09\/buru-768x768.png\" class=\"attachment-medium_large size-medium_large wp-image-4833\" alt=\"\" srcset=\"https:\/\/burualine.com\/wp-content\/uploads\/2024\/09\/buru-768x768.png 768w, https:\/\/burualine.com\/wp-content\/uploads\/2024\/09\/buru-300x300.png 300w, https:\/\/burualine.com\/wp-content\/uploads\/2024\/09\/buru-150x150.png 150w, https:\/\/burualine.com\/wp-content\/uploads\/2024\/09\/buru.png 800w\" sizes=\"(max-width: 768px) 100vw, 768px\" \/>\t\t\t\t\t\t\t\t\t\t\t\t\t\t\t<\/div>\n\t\t\t\t<\/div>\n\t\t\t\t\t<\/div>\n\t\t\t\t<\/div>\n\t\t\t\t\t<\/div>\n\t\t\t\t<\/main>\n\t\t<main class=\"elementor-element elementor-element-2eb8bde wave-container e-flex e-con-boxed wpr-particle-no wpr-jarallax-no wpr-parallax-no wpr-sticky-section-no e-con e-parent\" data-id=\"2eb8bde\" data-element_type=\"container\" data-e-type=\"container\" data-settings=\"{&quot;shape_divider_bottom&quot;:&quot;mountains&quot;}\">\n\t\t\t\t\t<div class=\"e-con-inner\">\n\t\t\t\t<div class=\"elementor-shape elementor-shape-bottom\" aria-hidden=\"true\" data-negative=\"false\">\n\t\t\t<svg xmlns=\"http:\/\/www.w3.org\/2000\/svg\" viewBox=\"0 0 1000 100\" preserveAspectRatio=\"none\">\n\t<path class=\"elementor-shape-fill\" opacity=\"0.33\" d=\"M473,67.3c-203.9,88.3-263.1-34-320.3,0C66,119.1,0,59.7,0,59.7V0h1000v59.7 c0,0-62.1,26.1-94.9,29.3c-32.8,3.3-62.8-12.3-75.8-22.1C806,49.6,745.3,8.7,694.9,4.7S492.4,59,473,67.3z\"\/>\n\t<path class=\"elementor-shape-fill\" opacity=\"0.66\" d=\"M734,67.3c-45.5,0-77.2-23.2-129.1-39.1c-28.6-8.7-150.3-10.1-254,39.1 s-91.7-34.4-149.2,0C115.7,118.3,0,39.8,0,39.8V0h1000v36.5c0,0-28.2-18.5-92.1-18.5C810.2,18.1,775.7,67.3,734,67.3z\"\/>\n\t<path class=\"elementor-shape-fill\" d=\"M766.1,28.9c-200-57.5-266,65.5-395.1,19.5C242,1.8,242,5.4,184.8,20.6C128,35.8,132.3,44.9,89.9,52.5C28.6,63.7,0,0,0,0 h1000c0,0-9.9,40.9-83.6,48.1S829.6,47,766.1,28.9z\"\/>\n<\/svg>\t\t<\/div>\n\t\t<div class=\"elementor-element elementor-element-ae3ba77 e-con-full e-flex wpr-particle-no wpr-jarallax-no wpr-parallax-no wpr-sticky-section-no e-con e-child\" data-id=\"ae3ba77\" data-element_type=\"container\" data-e-type=\"container\" data-settings=\"{&quot;background_background&quot;:&quot;classic&quot;}\">\n\t\t\t\t<div class=\"elementor-element elementor-element-2147e1d elementor-widget__width-initial elementor-widget elementor-widget-text-editor\" data-id=\"2147e1d\" data-element_type=\"widget\" data-e-type=\"widget\" data-widget_type=\"text-editor.default\">\n\t\t\t\t<div class=\"elementor-widget-container\">\n\t\t\t\t\t\t\t\t\t<p style=\"text-align: center;\">&#8220;A vida \u00e9 mais do que vemos, permita-se ser livre para evoluir.&#8221; &#8211; Buru<\/p>\t\t\t\t\t\t\t\t<\/div>\n\t\t\t\t<\/div>\n\t\t\t\t<div class=\"elementor-element elementor-element-b70ab4f elementor-widget__width-initial elementor-widget elementor-widget-text-editor\" data-id=\"b70ab4f\" data-element_type=\"widget\" data-e-type=\"widget\" data-widget_type=\"text-editor.default\">\n\t\t\t\t<div class=\"elementor-widget-container\">\n\t\t\t\t\t\t\t\t\t<p>Entre caf\u00e9, gatos e arte.<\/p>\n<p>Ol\u00e1! Aqui \u00e9 a Aline Buru, ou simplesmente Buru =)<\/p>\n<p>Sou carioca, apaixonado por animais, m\u00fasica e natureza. Minha mente est\u00e1 em constante abstra\u00e7\u00e3o, buscando traduzir sensa\u00e7\u00f5es e emo\u00e7\u00f5es em formas visuais, atrav\u00e9s da arte e do design.<\/p>\n<h5><span style=\"color: #808080;\"><strong>Jornada:<\/strong><\/span><\/h5>\n<p>Minha jornada come\u00e7ou quando eu estava estudando m\u00fasica e decidi criar um CD de m\u00fasica eletr\u00f4nica com cl\u00e1ssica (sim, na \u00e9poca do CD! Haha). Eu tinha uma vis\u00e3o clara da capa desse CD, e queria eu mesma criar a arte da capa.<\/p>\n<p>Foi ent\u00e3o que descobri o mundo do design gr\u00e1fico, pesquisando como criar arte para capas de CD. Inicialmente, eu s\u00f3 planejava fazer um curso para aprender, mas era \u00e9poca de vestibular, ent\u00e3o decidi aplicar para uma gradua\u00e7\u00e3o em design e acabei conseguindo uma bolsa de estudos.<\/p>\n<p>Me formei em Design e Anima\u00e7\u00e3o Digital pela UVA. Pouco tempo depois, mergulhei no mundo do Design de Superf\u00edcie e T\u00eaxtil na FACAMP, dando continuidade \u00e0 minha jornada.<\/p>\n<p>Nos \u00faltimos 9 anos, tenho me dedicado \u00e0 cria\u00e7\u00e3o de projetos gr\u00e1ficos, como identidades visuais, materiais de comunica\u00e7\u00e3o impressos\/digitais, estamparia, ilustra\u00e7\u00e3o e anima\u00e7\u00e3o. Acredito que tudo o que vemos tem o poder de transformar.<\/p>\n<p>Cada tra\u00e7o, cada cor, cada movimento comunica algo al\u00e9m do vis\u00edvel. O que voc\u00ea quer comunicar?&nbsp; \u00c9 sobre prop\u00f3sito, sensa\u00e7\u00f5es e experi\u00eancias.<\/p>\n<p>Estou sempre buscando conhecimento dentro e fora da minha \u00e1rea para manter a perspectiva em constante expans\u00e3o, pois o simples ato de dominar um software de cria\u00e7\u00e3o n\u00e3o \u00e9 suficiente.&nbsp;<span style=\"font-style: inherit; font-weight: inherit;\">Criar com prop\u00f3sito exige mais: \u00e9 a alquimia que transforma ideias em realidade.<\/span><\/p>\t\t\t\t\t\t\t\t<\/div>\n\t\t\t\t<\/div>\n\t\t\t\t<\/div>\n\t\t\t\t\t<\/div>\n\t\t\t\t<\/main>\n\t\t<div class=\"elementor-element elementor-element-945516a e-flex e-con-boxed wpr-particle-no wpr-jarallax-no wpr-parallax-no wpr-sticky-section-no e-con e-parent\" data-id=\"945516a\" data-element_type=\"container\" data-e-type=\"container\">\n\t\t\t\t\t<div class=\"e-con-inner\">\n\t\t<div class=\"elementor-element elementor-element-4b136d1 e-con-full e-flex wpr-particle-no wpr-jarallax-no wpr-parallax-no wpr-sticky-section-no e-con e-child\" data-id=\"4b136d1\" data-element_type=\"container\" data-e-type=\"container\" data-settings=\"{&quot;shape_divider_top&quot;:&quot;waves&quot;}\">\n\t\t\t\t<div class=\"elementor-shape elementor-shape-top\" aria-hidden=\"true\" data-negative=\"false\">\n\t\t\t<svg xmlns=\"http:\/\/www.w3.org\/2000\/svg\" viewBox=\"0 0 1000 100\" preserveAspectRatio=\"none\">\n\t<path class=\"elementor-shape-fill\" d=\"M421.9,6.5c22.6-2.5,51.5,0.4,75.5,5.3c23.6,4.9,70.9,23.5,100.5,35.7c75.8,32.2,133.7,44.5,192.6,49.7\n\tc23.6,2.1,48.7,3.5,103.4-2.5c54.7-6,106.2-25.6,106.2-25.6V0H0v30.3c0,0,72,32.6,158.4,30.5c39.2-0.7,92.8-6.7,134-22.4\n\tc21.2-8.1,52.2-18.2,79.7-24.2C399.3,7.9,411.6,7.5,421.9,6.5z\"\/>\n<\/svg>\t\t<\/div>\n\t\t<div class=\"elementor-element elementor-element-76b8161 e-flex e-con-boxed wpr-particle-no wpr-jarallax-no wpr-parallax-no wpr-sticky-section-no e-con e-child\" data-id=\"76b8161\" data-element_type=\"container\" data-e-type=\"container\">\n\t\t\t\t\t<div class=\"e-con-inner\">\n\t\t\t\t<div class=\"elementor-element elementor-element-e8ff488 elementor-widget__width-initial elementor-widget elementor-widget-text-editor\" data-id=\"e8ff488\" data-element_type=\"widget\" data-e-type=\"widget\" data-widget_type=\"text-editor.default\">\n\t\t\t\t<div class=\"elementor-widget-container\">\n\t\t\t\t\t\t\t\t\t<p><span class=\"hljs-keyword\">Se<\/span> voc\u00ea est\u00e1 <span class=\"hljs-keyword\">procurando<\/span> uma parceria criativa e aut\u00eantica,\u00a0 conte <span class=\"hljs-keyword\">comigo =)<\/span><\/p><p><span style=\"font-style: inherit; font-weight: inherit; color: var( --e-global-color-primary ); background-color: var(--ast-global-color-5);\">Vamos criar algo incr\u00edvel juntos!<\/span><\/p>\t\t\t\t\t\t\t\t<\/div>\n\t\t\t\t<\/div>\n\t\t\t\t\t<\/div>\n\t\t\t\t<\/div>\n\t\t\t\t<div class=\"elementor-element elementor-element-d27277c elementor-align-center elementor-widget elementor-widget-button\" data-id=\"d27277c\" data-element_type=\"widget\" data-e-type=\"widget\" data-widget_type=\"button.default\">\n\t\t\t\t<div class=\"elementor-widget-container\">\n\t\t\t\t\t\t\t\t\t<div class=\"elementor-button-wrapper\">\n\t\t\t\t\t<a class=\"elementor-button elementor-button-link elementor-size-sm\" href=\"#\">\n\t\t\t\t\t\t<span class=\"elementor-button-content-wrapper\">\n\t\t\t\t\t\t\t\t\t<span class=\"elementor-button-text\">Quero uma parceria<\/span>\n\t\t\t\t\t<\/span>\n\t\t\t\t\t<\/a>\n\t\t\t\t<\/div>\n\t\t\t\t\t\t\t\t<\/div>\n\t\t\t\t<\/div>\n\t\t\t\t<\/div>\n\t\t\t\t\t<\/div>\n\t\t\t\t<\/div>\n\t\t\t\t<\/div>\n\t\t","protected":false},"excerpt":{"rendered":"<p>&#8220;A vida \u00e9 mais do que vemos, permita-se ser livre para evoluir.&#8221; &#8211; Buru Entre caf\u00e9, gatos e arte. Ol\u00e1! Aqui \u00e9 a Aline Buru, ou simplesmente Buru =) Sou carioca, apaixonado por animais, m\u00fasica e natureza. Minha mente est\u00e1 em constante abstra\u00e7\u00e3o, buscando traduzir sensa\u00e7\u00f5es e emo\u00e7\u00f5es em formas visuais, atrav\u00e9s da arte e do design. Jornada: Minha jornada come\u00e7ou quando eu estava estudando m\u00fasica e decidi criar um CD de m\u00fasica eletr\u00f4nica com cl\u00e1ssica (sim, na \u00e9poca do CD! Haha). Eu tinha uma vis\u00e3o clara da capa desse CD, e queria eu mesma criar a arte da capa. Foi ent\u00e3o que descobri o mundo do design gr\u00e1fico, pesquisando como criar arte para capas de CD. Inicialmente, eu s\u00f3 planejava fazer um curso para aprender, mas era \u00e9poca de vestibular, ent\u00e3o decidi aplicar para uma gradua\u00e7\u00e3o em design e acabei conseguindo uma bolsa de estudos. Me formei em Design e Anima\u00e7\u00e3o Digital pela UVA. Pouco tempo depois, mergulhei no mundo do Design de Superf\u00edcie e T\u00eaxtil na FACAMP, dando continuidade \u00e0 minha jornada. Nos \u00faltimos 9 anos, tenho me dedicado \u00e0 cria\u00e7\u00e3o de projetos gr\u00e1ficos, como identidades visuais, materiais de comunica\u00e7\u00e3o impressos\/digitais, estamparia, ilustra\u00e7\u00e3o e anima\u00e7\u00e3o. Acredito que tudo o que vemos tem o poder de transformar. Cada tra\u00e7o, cada cor, cada movimento comunica algo al\u00e9m do vis\u00edvel. O que voc\u00ea quer comunicar?&nbsp; \u00c9 sobre prop\u00f3sito, sensa\u00e7\u00f5es e experi\u00eancias. Estou sempre buscando conhecimento dentro e fora da minha \u00e1rea para manter a perspectiva em constante expans\u00e3o, pois o simples ato de dominar um software de cria\u00e7\u00e3o n\u00e3o \u00e9 suficiente.&nbsp;Criar com prop\u00f3sito exige mais: \u00e9 a alquimia que transforma ideias em realidade. Se voc\u00ea est\u00e1 procurando uma parceria criativa e aut\u00eantica,\u00a0 conte comigo =) Vamos criar algo incr\u00edvel juntos! Quero uma parceria<\/p>\n","protected":false},"author":1,"featured_media":0,"parent":0,"menu_order":0,"comment_status":"closed","ping_status":"closed","template":"","meta":{"_eb_attr":"","site-sidebar-layout":"no-sidebar","site-content-layout":"","ast-site-content-layout":"full-width-container","site-content-style":"default","site-sidebar-style":"default","ast-global-header-display":"","ast-banner-title-visibility":"","ast-main-header-display":"","ast-hfb-above-header-display":"","ast-hfb-below-header-display":"","ast-hfb-mobile-header-display":"","site-post-title":"disabled","ast-breadcrumbs-content":"","ast-featured-img":"disabled","footer-sml-layout":"","ast-disable-related-posts":"","theme-transparent-header-meta":"","adv-header-id-meta":"","stick-header-meta":"","header-above-stick-meta":"","header-main-stick-meta":"","header-below-stick-meta":"","astra-migrate-meta-layouts":"default","ast-page-background-enabled":"default","ast-page-background-meta":{"desktop":{"background-color":"var(--ast-global-color-4)","background-image":"","background-repeat":"repeat","background-position":"center center","background-size":"auto","background-attachment":"scroll","background-type":"","background-media":"","overlay-type":"","overlay-color":"","overlay-opacity":"","overlay-gradient":""},"tablet":{"background-color":"","background-image":"","background-repeat":"repeat","background-position":"center center","background-size":"auto","background-attachment":"scroll","background-type":"","background-media":"","overlay-type":"","overlay-color":"","overlay-opacity":"","overlay-gradient":""},"mobile":{"background-color":"","background-image":"","background-repeat":"repeat","background-position":"center center","background-size":"auto","background-attachment":"scroll","background-type":"","background-media":"","overlay-type":"","overlay-color":"","overlay-opacity":"","overlay-gradient":""}},"ast-content-background-meta":{"desktop":{"background-color":"var(--ast-global-color-5)","background-image":"","background-repeat":"repeat","background-position":"center center","background-size":"auto","background-attachment":"scroll","background-type":"","background-media":"","overlay-type":"","overlay-color":"","overlay-opacity":"","overlay-gradient":""},"tablet":{"background-color":"var(--ast-global-color-5)","background-image":"","background-repeat":"repeat","background-position":"center center","background-size":"auto","background-attachment":"scroll","background-type":"","background-media":"","overlay-type":"","overlay-color":"","overlay-opacity":"","overlay-gradient":""},"mobile":{"background-color":"var(--ast-global-color-5)","background-image":"","background-repeat":"repeat","background-position":"center center","background-size":"auto","background-attachment":"scroll","background-type":"","background-media":"","overlay-type":"","overlay-color":"","overlay-opacity":"","overlay-gradient":""}},"_vp_format_video_url":"","_vp_image_focal_point":[],"_joinchat":[],"footnotes":""},"class_list":["post-5024","page","type-page","status-publish","hentry"],"_links":{"self":[{"href":"https:\/\/burualine.com\/pt-br\/wp-json\/wp\/v2\/pages\/5024","targetHints":{"allow":["GET"]}}],"collection":[{"href":"https:\/\/burualine.com\/pt-br\/wp-json\/wp\/v2\/pages"}],"about":[{"href":"https:\/\/burualine.com\/pt-br\/wp-json\/wp\/v2\/types\/page"}],"author":[{"embeddable":true,"href":"https:\/\/burualine.com\/pt-br\/wp-json\/wp\/v2\/users\/1"}],"replies":[{"embeddable":true,"href":"https:\/\/burualine.com\/pt-br\/wp-json\/wp\/v2\/comments?post=5024"}],"version-history":[{"count":13,"href":"https:\/\/burualine.com\/pt-br\/wp-json\/wp\/v2\/pages\/5024\/revisions"}],"predecessor-version":[{"id":7601,"href":"https:\/\/burualine.com\/pt-br\/wp-json\/wp\/v2\/pages\/5024\/revisions\/7601"}],"wp:attachment":[{"href":"https:\/\/burualine.com\/pt-br\/wp-json\/wp\/v2\/media?parent=5024"}],"curies":[{"name":"wp","href":"https:\/\/api.w.org\/{rel}","templated":true}]}}