{"id":5022,"date":"2024-09-17T19:44:45","date_gmt":"2024-09-17T19:44:45","guid":{"rendered":"https:\/\/burualine.com\/animacao\/"},"modified":"2025-01-11T14:48:15","modified_gmt":"2025-01-11T14:48:15","slug":"animacao","status":"publish","type":"page","link":"https:\/\/burualine.com\/pt-br\/animacao\/","title":{"rendered":"Anima\u00e7\u00e3o"},"content":{"rendered":"\t\t<div data-elementor-type=\"wp-page\" data-elementor-id=\"5022\" class=\"elementor elementor-5022 elementor-1561\">\n\t\t\t\t<main class=\"elementor-element elementor-element-341d7fc wave-container e-flex e-con-boxed wpr-particle-no wpr-jarallax-no wpr-parallax-no wpr-sticky-section-no e-con e-parent\" data-id=\"341d7fc\" data-element_type=\"container\" data-e-type=\"container\" data-settings=\"{&quot;background_background&quot;:&quot;classic&quot;,&quot;shape_divider_bottom&quot;:&quot;mountains&quot;}\">\n\t\t\t\t\t<div class=\"e-con-inner\">\n\t\t\t\t<div class=\"elementor-shape elementor-shape-bottom\" aria-hidden=\"true\" data-negative=\"false\">\n\t\t\t<svg xmlns=\"http:\/\/www.w3.org\/2000\/svg\" viewBox=\"0 0 1000 100\" preserveAspectRatio=\"none\">\n\t<path class=\"elementor-shape-fill\" opacity=\"0.33\" d=\"M473,67.3c-203.9,88.3-263.1-34-320.3,0C66,119.1,0,59.7,0,59.7V0h1000v59.7 c0,0-62.1,26.1-94.9,29.3c-32.8,3.3-62.8-12.3-75.8-22.1C806,49.6,745.3,8.7,694.9,4.7S492.4,59,473,67.3z\"\/>\n\t<path class=\"elementor-shape-fill\" opacity=\"0.66\" d=\"M734,67.3c-45.5,0-77.2-23.2-129.1-39.1c-28.6-8.7-150.3-10.1-254,39.1 s-91.7-34.4-149.2,0C115.7,118.3,0,39.8,0,39.8V0h1000v36.5c0,0-28.2-18.5-92.1-18.5C810.2,18.1,775.7,67.3,734,67.3z\"\/>\n\t<path class=\"elementor-shape-fill\" d=\"M766.1,28.9c-200-57.5-266,65.5-395.1,19.5C242,1.8,242,5.4,184.8,20.6C128,35.8,132.3,44.9,89.9,52.5C28.6,63.7,0,0,0,0 h1000c0,0-9.9,40.9-83.6,48.1S829.6,47,766.1,28.9z\"\/>\n<\/svg>\t\t<\/div>\n\t\t<div class=\"elementor-element elementor-element-2cc06fb e-con-full e-flex wpr-particle-no wpr-jarallax-no wpr-parallax-no wpr-sticky-section-no e-con e-child\" data-id=\"2cc06fb\" data-element_type=\"container\" data-e-type=\"container\">\n\t\t\t\t<div class=\"elementor-element elementor-element-11a6e65 elementor-widget elementor-widget-heading\" data-id=\"11a6e65\" data-element_type=\"widget\" data-e-type=\"widget\" data-widget_type=\"heading.default\">\n\t\t\t\t<div class=\"elementor-widget-container\">\n\t\t\t\t\t<h2 class=\"elementor-heading-title elementor-size-default\">Anima\u00e7\u00e3o<\/h2>\t\t\t\t<\/div>\n\t\t\t\t<\/div>\n\t\t\t\t<\/div>\n\t\t<div class=\"elementor-element elementor-element-7cf276e e-con-full e-flex wpr-particle-no wpr-jarallax-no wpr-parallax-no wpr-sticky-section-no e-con e-child\" data-id=\"7cf276e\" data-element_type=\"container\" data-e-type=\"container\">\n\t\t\t\t<div class=\"elementor-element elementor-element-6426308 elementor-widget elementor-widget-text-editor\" data-id=\"6426308\" data-element_type=\"widget\" data-e-type=\"widget\" data-widget_type=\"text-editor.default\">\n\t\t\t\t<div class=\"elementor-widget-container\">\n\t\t\t\t\t\t\t\t\t<p>Seja para dar vida a personagens, criar mundos imaginativos ou ilustrar conceitos complexos, meu servi\u00e7o de ilustra\u00e7\u00e3o transforma suas ideias em narrativas visuais impressionantes e envolventes. Perfeito para projetos editoriais, campanhas publicit\u00e1rias, marcas, embalagens, artigos de papelaria e muito mais. <\/p>\n\t\t\t\t\t\t\t\t<\/div>\n\t\t\t\t<\/div>\n\t\t\t\t<\/div>\n\t\t\t\t\t<\/div>\n\t\t\t\t<\/main>\n\t\t<div class=\"elementor-element elementor-element-b1bb9b9 e-flex e-con-boxed wpr-particle-no wpr-jarallax-no wpr-parallax-no wpr-sticky-section-no e-con e-parent\" data-id=\"b1bb9b9\" data-element_type=\"container\" data-e-type=\"container\" data-settings=\"{&quot;background_background&quot;:&quot;classic&quot;}\">\n\t\t\t\t\t<div class=\"e-con-inner\">\n\t\t<div class=\"elementor-element elementor-element-460f504 e-con-full e-flex wpr-particle-no wpr-jarallax-no wpr-parallax-no wpr-sticky-section-no e-con e-child\" data-id=\"460f504\" data-element_type=\"container\" data-e-type=\"container\">\n\t\t\t\t<div class=\"elementor-element elementor-element-1c93c86 elementor-widget elementor-widget-heading\" data-id=\"1c93c86\" data-element_type=\"widget\" data-e-type=\"widget\" data-widget_type=\"heading.default\">\n\t\t\t\t<div class=\"elementor-widget-container\">\n\t\t\t\t\t<h2 class=\"elementor-heading-title elementor-size-default\">Conhe\u00e7a alguns de meus projetos:<\/h2>\t\t\t\t<\/div>\n\t\t\t\t<\/div>\n\t\t\t\t<div class=\"elementor-element elementor-element-24e76e0 eael-fg-hoverer-content-align-center elementor-widget elementor-widget-eael-filterable-gallery\" data-id=\"24e76e0\" data-element_type=\"widget\" data-e-type=\"widget\" data-settings=\"{&quot;pagination&quot;:&quot;false&quot;}\" data-widget_type=\"eael-filterable-gallery.default\">\n\t\t\t\t<div class=\"elementor-widget-container\">\n\t\t\t\t\t<style id=\"eael-fg-inline-css-24e76e0\">@media only screen and (max-width: 2399px) {\n\t\t\t\t\t.elementor-element.elementor-element-24e76e0 .eael-filterable-gallery-item-wrap {\n\t\t\t\t\t        width: 50%;\n\t\t\t\t\t    }\n\t\t\t\t\t}@media only screen and (max-width: 1024px) {\n\t\t\t\t\t.elementor-element.elementor-element-24e76e0  .eael-filterable-gallery-item-wrap {\n\t\t\t\t\t        width: 50%;\n\t\t\t\t\t    }\n\t\t\t\t\t}@media only screen and (max-width: 767px) {\n\t\t\t\t\t.elementor-element.elementor-element-24e76e0  .eael-filterable-gallery-item-wrap {\n\t\t\t\t\t        width: 100%;\n\t\t\t\t\t    }\n\t\t\t\t\t}<\/style>        <div id=\"eael-filter-gallery-wrapper-24e76e0\" class=\"eael-filter-gallery-wrapper\" data-layout-mode=\"hoverer\" data-breakpoints=\"{&quot;mobile&quot;:{&quot;label&quot;:&quot;Dispositivos m\\u00f3veis no modo retrato&quot;,&quot;value&quot;:767,&quot;default_value&quot;:767,&quot;direction&quot;:&quot;max&quot;,&quot;is_enabled&quot;:true},&quot;mobile_extra&quot;:{&quot;label&quot;:&quot;Dispositivos m\\u00f3veis no modo paisagem&quot;,&quot;value&quot;:880,&quot;default_value&quot;:880,&quot;direction&quot;:&quot;max&quot;,&quot;is_enabled&quot;:false},&quot;tablet&quot;:{&quot;label&quot;:&quot;Tablet no modo retrato&quot;,&quot;value&quot;:1024,&quot;default_value&quot;:1024,&quot;direction&quot;:&quot;max&quot;,&quot;is_enabled&quot;:true},&quot;tablet_extra&quot;:{&quot;label&quot;:&quot;Tablet no modo paisagem&quot;,&quot;value&quot;:1200,&quot;default_value&quot;:1200,&quot;direction&quot;:&quot;max&quot;,&quot;is_enabled&quot;:false},&quot;laptop&quot;:{&quot;label&quot;:&quot;Notebook&quot;,&quot;value&quot;:1366,&quot;default_value&quot;:1366,&quot;direction&quot;:&quot;max&quot;,&quot;is_enabled&quot;:false},&quot;widescreen&quot;:{&quot;label&quot;:&quot;Tela ampla (widescreen)&quot;,&quot;value&quot;:2400,&quot;default_value&quot;:2400,&quot;direction&quot;:&quot;min&quot;,&quot;is_enabled&quot;:false}}\" data-default_control_key=\"0\" data-custom_default_control=\"1\">\n                    <div class=\"eael-filter-gallery-container eael-filter-gallery-grid\" data-images-per-page=\"\" data-total-gallery-items=\"2\" data-nomore-item-text=\"\" data-is-randomize=\"no\" data-settings=\"{&quot;grid_style&quot;:&quot;grid&quot;,&quot;popup&quot;:&quot;media&quot;,&quot;duration&quot;:500,&quot;gallery_enabled&quot;:&quot;&quot;,&quot;video_gallery_yt_privacy&quot;:&quot;&quot;,&quot;control_all_text&quot;:null,&quot;mobile_scroll_to_top&quot;:&quot;&quot;,&quot;mobile_scroll_offset&quot;:0,&quot;post_id&quot;:5022,&quot;widget_id&quot;:&quot;24e76e0&quot;}\" data-search-all=\"\" data-gallery-items=\"WyI8ZGl2IGNsYXNzPVwiZWFlbC1maWx0ZXJhYmxlLWdhbGxlcnktaXRlbS13cmFwXCI+XG5cdFx0XHRcdDxkaXYgY2xhc3M9XCJlYWVsLWdhbGxlcnktZ3JpZC1pdGVtXCI+PGEgaHJlZj1cImh0dHBzOlwvXC9idXJ1YWxpbmUuY29tXC9wdC1iclwvcG9ydGZvbGlvXC9jdXJ0YS1kZS1hbmltYWNhby1hLWJ1c2NhLWRhLWZlbGljaWRhZGVcIj48ZGl2IGNsYXNzPVwiZ2FsbGVyeS1pdGVtLXRodW1ibmFpbC13cmFwXCI+PGltZyB3aWR0aD1cIjMwMFwiIGhlaWdodD1cIjE5NlwiIHNyYz1cImh0dHBzOlwvXC9idXJ1YWxpbmUuY29tXC93cC1jb250ZW50XC91cGxvYWRzXC8yMDI0XC8xMVwvQmFubmVyX0FCdXNjYWRhRmVsaWNpZGFkZTNfMS1zY2FsZWQtMS0zMDB4MTk2LmpwZ1wiIGNsYXNzPVwiYXR0YWNobWVudC1tZWRpdW0gc2l6ZS1tZWRpdW0gd3AtaW1hZ2UtNTI0NlwiIGFsdD1cIlwiIHNyY3NldD1cImh0dHBzOlwvXC9idXJ1YWxpbmUuY29tXC93cC1jb250ZW50XC91cGxvYWRzXC8yMDI0XC8xMVwvQmFubmVyX0FCdXNjYWRhRmVsaWNpZGFkZTNfMS1zY2FsZWQtMS0zMDB4MTk2LmpwZyAzMDB3LCBodHRwczpcL1wvYnVydWFsaW5lLmNvbVwvd3AtY29udGVudFwvdXBsb2Fkc1wvMjAyNFwvMTFcL0Jhbm5lcl9BQnVzY2FkYUZlbGljaWRhZGUzXzEtc2NhbGVkLTEtMTAyNHg2NzAuanBnIDEwMjR3LCBodHRwczpcL1wvYnVydWFsaW5lLmNvbVwvd3AtY29udGVudFwvdXBsb2Fkc1wvMjAyNFwvMTFcL0Jhbm5lcl9BQnVzY2FkYUZlbGljaWRhZGUzXzEtc2NhbGVkLTEtNzY4eDUwMy5qcGcgNzY4dywgaHR0cHM6XC9cL2J1cnVhbGluZS5jb21cL3dwLWNvbnRlbnRcL3VwbG9hZHNcLzIwMjRcLzExXC9CYW5uZXJfQUJ1c2NhZGFGZWxpY2lkYWRlM18xLXNjYWxlZC0xLTE1MzZ4MTAwNi5qcGcgMTUzNncsIGh0dHBzOlwvXC9idXJ1YWxpbmUuY29tXC93cC1jb250ZW50XC91cGxvYWRzXC8yMDI0XC8xMVwvQmFubmVyX0FCdXNjYWRhRmVsaWNpZGFkZTNfMS1zY2FsZWQtMS0yMDQ4eDEzNDEuanBnIDIwNDh3XCIgc2l6ZXM9XCIobWF4LXdpZHRoOiAzMDBweCkgMTAwdncsIDMwMHB4XCIgXC8+PFwvZGl2PjxhIGFyZWEtaGlkZGVuPVwidHJ1ZVwiIGFyaWEtbGFiZWw9XCJlYWVsLW1hZ25pZmljLWxpbmtcIiBocmVmPVwiaHR0cHM6XC9cL2J1cnVhbGluZS5jb21cL3dwLWNvbnRlbnRcL3VwbG9hZHNcLzIwMjRcLzExXC9CYW5uZXJfQUJ1c2NhZGFGZWxpY2lkYWRlM18xLXNjYWxlZC0xLmpwZ1wiIGNsYXNzPVwiIG1lZGlhLWNvbnRlbnQtd3JhcFwiIGRhdGEtZWxlbWVudG9yLW9wZW4tbGlnaHRib3g9XCJub1wiIHRpdGxlPVwiXCI+PGRpdiBjbGFzcz1cImdhbGxlcnktaXRlbS1jYXB0aW9uLXdyYXAgY2FwdGlvbi1zdHlsZS1ob3ZlcmVyIGVhZWwtc2xpZGUtdXBcIj48ZGl2IGNsYXNzPVwiZ2FsbGVyeS1pdGVtLWhvdmVyZXItYmdcIj48XC9kaXY+PGRpdiBjbGFzcz1cImdhbGxlcnktaXRlbS1jYXB0aW9uLW92ZXJcIj48aDIgY2xhc3M9XCJmZy1pdGVtLXRpdGxlXCI+XHUwMGMwIGJ1c2NhIGRhIGZlbGljaWRhZGU8XC9oMj48ZGl2IGNsYXNzPVwiZmctaXRlbS1jb250ZW50XCI+PHA+Y3VydGEgYW5pbWFkbzxcL3A+XG48XC9kaXY+PFwvZGl2PjxcL2Rpdj48XC9hPjxcL2E+PFwvZGl2PjxcL2Rpdj4iLCI8ZGl2IGNsYXNzPVwiZWFlbC1maWx0ZXJhYmxlLWdhbGxlcnktaXRlbS13cmFwXCI+XG5cdFx0XHRcdDxkaXYgY2xhc3M9XCJlYWVsLWdhbGxlcnktZ3JpZC1pdGVtXCI+PGEgaHJlZj1cImh0dHBzOlwvXC9idXJ1YWxpbmUuY29tXC9wdC1iclwvcG9ydGZvbGlvXC9jdXJ0YS1hbmltYWRvLWNpY2xvc1wvXCI+PGRpdiBjbGFzcz1cImdhbGxlcnktaXRlbS10aHVtYm5haWwtd3JhcFwiPjxpbWcgd2lkdGg9XCIzMDBcIiBoZWlnaHQ9XCIxOTlcIiBzcmM9XCJodHRwczpcL1wvYnVydWFsaW5lLmNvbVwvd3AtY29udGVudFwvdXBsb2Fkc1wvMjAyNFwvMTFcL0NlbmFyaW8wMV8wMi0xLTMwMHgxOTkuanBnXCIgY2xhc3M9XCJhdHRhY2htZW50LW1lZGl1bSBzaXplLW1lZGl1bSB3cC1pbWFnZS01MjUwXCIgYWx0PVwiXCIgc3Jjc2V0PVwiaHR0cHM6XC9cL2J1cnVhbGluZS5jb21cL3dwLWNvbnRlbnRcL3VwbG9hZHNcLzIwMjRcLzExXC9DZW5hcmlvMDFfMDItMS0zMDB4MTk5LmpwZyAzMDB3LCBodHRwczpcL1wvYnVydWFsaW5lLmNvbVwvd3AtY29udGVudFwvdXBsb2Fkc1wvMjAyNFwvMTFcL0NlbmFyaW8wMV8wMi0xLTEwMjR4NjgwLmpwZyAxMDI0dywgaHR0cHM6XC9cL2J1cnVhbGluZS5jb21cL3dwLWNvbnRlbnRcL3VwbG9hZHNcLzIwMjRcLzExXC9DZW5hcmlvMDFfMDItMS03Njh4NTEwLmpwZyA3Njh3LCBodHRwczpcL1wvYnVydWFsaW5lLmNvbVwvd3AtY29udGVudFwvdXBsb2Fkc1wvMjAyNFwvMTFcL0NlbmFyaW8wMV8wMi0xLmpwZyAxMjc5d1wiIHNpemVzPVwiKG1heC13aWR0aDogMzAwcHgpIDEwMHZ3LCAzMDBweFwiIFwvPjxcL2Rpdj48YSBhcmVhLWhpZGRlbj1cInRydWVcIiBhcmlhLWxhYmVsPVwiZWFlbC1tYWduaWZpYy1saW5rXCIgaHJlZj1cImh0dHBzOlwvXC9idXJ1YWxpbmUuY29tXC93cC1jb250ZW50XC91cGxvYWRzXC8yMDI0XC8xMVwvQ2VuYXJpbzAxXzAyLTEuanBnXCIgY2xhc3M9XCIgbWVkaWEtY29udGVudC13cmFwXCIgZGF0YS1lbGVtZW50b3Itb3Blbi1saWdodGJveD1cIm5vXCIgdGl0bGU9XCJcIj48ZGl2IGNsYXNzPVwiZ2FsbGVyeS1pdGVtLWNhcHRpb24td3JhcCBjYXB0aW9uLXN0eWxlLWhvdmVyZXIgZWFlbC1zbGlkZS11cFwiPjxkaXYgY2xhc3M9XCJnYWxsZXJ5LWl0ZW0taG92ZXJlci1iZ1wiPjxcL2Rpdj48ZGl2IGNsYXNzPVwiZ2FsbGVyeS1pdGVtLWNhcHRpb24tb3ZlclwiPjxoMiBjbGFzcz1cImZnLWl0ZW0tdGl0bGVcIj5DaWNsb3M8XC9oMj48ZGl2IGNsYXNzPVwiZmctaXRlbS1jb250ZW50XCI+PHA+YW5pbWFcdTAwZTdcdTAwZTNvIGRlIGxhblx1MDBlN2FtZW50byBkYSBjb2xlXHUwMGU3XHUwMGUzbyBDaWNsb3M8XC9wPlxuPFwvZGl2PjxcL2Rpdj48XC9kaXY+PFwvYT48XC9hPjxcL2Rpdj48XC9kaXY+Il0=\" data-init-show=\"4\">\n            <div class=\"eael-filterable-gallery-item-wrap\">\n\t\t\t\t<div class=\"eael-gallery-grid-item\"><a href=\"https:\/\/burualine.com\/pt-br\/portfolio\/curta-de-animacao-a-busca-da-felicidade\"><div class=\"gallery-item-thumbnail-wrap\"><img fetchpriority=\"high\" decoding=\"async\" width=\"300\" height=\"196\" src=\"https:\/\/burualine.com\/wp-content\/uploads\/2024\/11\/Banner_ABuscadaFelicidade3_1-scaled-1-300x196.jpg\" class=\"attachment-medium size-medium wp-image-5246\" alt=\"\" srcset=\"https:\/\/burualine.com\/wp-content\/uploads\/2024\/11\/Banner_ABuscadaFelicidade3_1-scaled-1-300x196.jpg 300w, https:\/\/burualine.com\/wp-content\/uploads\/2024\/11\/Banner_ABuscadaFelicidade3_1-scaled-1-1024x670.jpg 1024w, https:\/\/burualine.com\/wp-content\/uploads\/2024\/11\/Banner_ABuscadaFelicidade3_1-scaled-1-768x503.jpg 768w, https:\/\/burualine.com\/wp-content\/uploads\/2024\/11\/Banner_ABuscadaFelicidade3_1-scaled-1-1536x1006.jpg 1536w, https:\/\/burualine.com\/wp-content\/uploads\/2024\/11\/Banner_ABuscadaFelicidade3_1-scaled-1-2048x1341.jpg 2048w\" sizes=\"(max-width: 300px) 100vw, 300px\" \/><\/div><a area-hidden=\"true\" aria-label=\"eael-magnific-link\" href=\"https:\/\/burualine.com\/wp-content\/uploads\/2024\/11\/Banner_ABuscadaFelicidade3_1-scaled-1.jpg\" class=\" media-content-wrap\" data-elementor-open-lightbox=\"no\" title=\"\"><div class=\"gallery-item-caption-wrap caption-style-hoverer eael-slide-up\"><div class=\"gallery-item-hoverer-bg\"><\/div><div class=\"gallery-item-caption-over\"><h2 class=\"fg-item-title\">\u00c0 busca da felicidade<\/h2><div class=\"fg-item-content\"><p>curta animado<\/p>\n<\/div><\/div><\/div><\/a><\/a><\/div><\/div><div class=\"eael-filterable-gallery-item-wrap\">\n\t\t\t\t<div class=\"eael-gallery-grid-item\"><a href=\"https:\/\/burualine.com\/pt-br\/portfolio\/curta-animado-ciclos\/\"><div class=\"gallery-item-thumbnail-wrap\"><img decoding=\"async\" width=\"300\" height=\"199\" src=\"https:\/\/burualine.com\/wp-content\/uploads\/2024\/11\/Cenario01_02-1-300x199.jpg\" class=\"attachment-medium size-medium wp-image-5250\" alt=\"\" srcset=\"https:\/\/burualine.com\/wp-content\/uploads\/2024\/11\/Cenario01_02-1-300x199.jpg 300w, https:\/\/burualine.com\/wp-content\/uploads\/2024\/11\/Cenario01_02-1-1024x680.jpg 1024w, https:\/\/burualine.com\/wp-content\/uploads\/2024\/11\/Cenario01_02-1-768x510.jpg 768w, https:\/\/burualine.com\/wp-content\/uploads\/2024\/11\/Cenario01_02-1.jpg 1279w\" sizes=\"(max-width: 300px) 100vw, 300px\" \/><\/div><a area-hidden=\"true\" aria-label=\"eael-magnific-link\" href=\"https:\/\/burualine.com\/wp-content\/uploads\/2024\/11\/Cenario01_02-1.jpg\" class=\" media-content-wrap\" data-elementor-open-lightbox=\"no\" title=\"\"><div class=\"gallery-item-caption-wrap caption-style-hoverer eael-slide-up\"><div class=\"gallery-item-hoverer-bg\"><\/div><div class=\"gallery-item-caption-over\"><h2 class=\"fg-item-title\">Ciclos<\/h2><div class=\"fg-item-content\"><p>anima\u00e7\u00e3o de lan\u00e7amento da cole\u00e7\u00e3o Ciclos<\/p>\n<\/div><\/div><\/div><\/a><\/a><\/div><\/div>        <\/div>\n                <\/div>\n        \n        \t\t\t\t<\/div>\n\t\t\t\t<\/div>\n\t\t\t\t<\/div>\n\t\t\t\t\t<\/div>\n\t\t\t\t<\/div>\n\t\t<div class=\"elementor-element elementor-element-945516a e-flex e-con-boxed wpr-particle-no wpr-jarallax-no wpr-parallax-no wpr-sticky-section-no e-con e-parent\" data-id=\"945516a\" data-element_type=\"container\" data-e-type=\"container\">\n\t\t\t\t\t<div class=\"e-con-inner\">\n\t\t<div class=\"elementor-element elementor-element-4b136d1 e-con-full e-flex wpr-particle-no wpr-jarallax-no wpr-parallax-no wpr-sticky-section-no e-con e-child\" data-id=\"4b136d1\" data-element_type=\"container\" data-e-type=\"container\" data-settings=\"{&quot;shape_divider_top&quot;:&quot;waves&quot;}\">\n\t\t\t\t<div class=\"elementor-shape elementor-shape-top\" aria-hidden=\"true\" data-negative=\"false\">\n\t\t\t<svg xmlns=\"http:\/\/www.w3.org\/2000\/svg\" viewBox=\"0 0 1000 100\" preserveAspectRatio=\"none\">\n\t<path class=\"elementor-shape-fill\" d=\"M421.9,6.5c22.6-2.5,51.5,0.4,75.5,5.3c23.6,4.9,70.9,23.5,100.5,35.7c75.8,32.2,133.7,44.5,192.6,49.7\n\tc23.6,2.1,48.7,3.5,103.4-2.5c54.7-6,106.2-25.6,106.2-25.6V0H0v30.3c0,0,72,32.6,158.4,30.5c39.2-0.7,92.8-6.7,134-22.4\n\tc21.2-8.1,52.2-18.2,79.7-24.2C399.3,7.9,411.6,7.5,421.9,6.5z\"\/>\n<\/svg>\t\t<\/div>\n\t\t<div class=\"elementor-element elementor-element-76b8161 e-flex e-con-boxed wpr-particle-no wpr-jarallax-no wpr-parallax-no wpr-sticky-section-no e-con e-child\" data-id=\"76b8161\" data-element_type=\"container\" data-e-type=\"container\">\n\t\t\t\t\t<div class=\"e-con-inner\">\n\t\t\t\t<div class=\"elementor-element elementor-element-e8ff488 elementor-widget__width-initial elementor-widget elementor-widget-text-editor\" data-id=\"e8ff488\" data-element_type=\"widget\" data-e-type=\"widget\" data-widget_type=\"text-editor.default\">\n\t\t\t\t<div class=\"elementor-widget-container\">\n\t\t\t\t\t\t\t\t\t<p>D\u00ea vida ao seu projeto com uma anima\u00e7\u00e3o que fala diretamente ao cora\u00e7\u00e3o do seu p\u00fablico! Vamos criar algo \u00fanico que conecte, inspire e deixe uma impress\u00e3o duradoura.<\/p><p>Vamos fazer isso juntos?<\/p>\t\t\t\t\t\t\t\t<\/div>\n\t\t\t\t<\/div>\n\t\t\t\t\t<\/div>\n\t\t\t\t<\/div>\n\t\t\t\t<div class=\"elementor-element elementor-element-d27277c elementor-align-center elementor-widget elementor-widget-button\" data-id=\"d27277c\" data-element_type=\"widget\" data-e-type=\"widget\" data-widget_type=\"button.default\">\n\t\t\t\t<div class=\"elementor-widget-container\">\n\t\t\t\t\t\t\t\t\t<div class=\"elementor-button-wrapper\">\n\t\t\t\t\t<a class=\"elementor-button elementor-button-link elementor-size-sm\" href=\"https:\/\/burualine.com\/pt-br\/contato\/\">\n\t\t\t\t\t\t<span class=\"elementor-button-content-wrapper\">\n\t\t\t\t\t\t\t\t\t<span class=\"elementor-button-text\"> preciso de um projeto<\/span>\n\t\t\t\t\t<\/span>\n\t\t\t\t\t<\/a>\n\t\t\t\t<\/div>\n\t\t\t\t\t\t\t\t<\/div>\n\t\t\t\t<\/div>\n\t\t\t\t<\/div>\n\t\t\t\t\t<\/div>\n\t\t\t\t<\/div>\n\t\t\t\t<\/div>\n\t\t","protected":false},"excerpt":{"rendered":"<p>Anima\u00e7\u00e3o Seja para dar vida a personagens, criar mundos imaginativos ou ilustrar conceitos complexos, meu servi\u00e7o de ilustra\u00e7\u00e3o transforma suas ideias em narrativas visuais impressionantes e envolventes. Perfeito para projetos editoriais, campanhas publicit\u00e1rias, marcas, embalagens, artigos de papelaria e muito mais. Conhe\u00e7a alguns de meus projetos: \u00c0 busca da felicidade curta animado Ciclos anima\u00e7\u00e3o de lan\u00e7amento da cole\u00e7\u00e3o Ciclos D\u00ea vida ao seu projeto com uma anima\u00e7\u00e3o que fala diretamente ao cora\u00e7\u00e3o do seu p\u00fablico! Vamos criar algo \u00fanico que conecte, inspire e deixe uma impress\u00e3o duradoura. Vamos fazer isso juntos? preciso de um projeto<\/p>\n","protected":false},"author":1,"featured_media":0,"parent":0,"menu_order":0,"comment_status":"closed","ping_status":"closed","template":"","meta":{"_eb_attr":"","site-sidebar-layout":"no-sidebar","site-content-layout":"","ast-site-content-layout":"full-width-container","site-content-style":"default","site-sidebar-style":"default","ast-global-header-display":"","ast-banner-title-visibility":"","ast-main-header-display":"","ast-hfb-above-header-display":"","ast-hfb-below-header-display":"","ast-hfb-mobile-header-display":"","site-post-title":"disabled","ast-breadcrumbs-content":"","ast-featured-img":"disabled","footer-sml-layout":"","ast-disable-related-posts":"","theme-transparent-header-meta":"","adv-header-id-meta":"","stick-header-meta":"","header-above-stick-meta":"","header-main-stick-meta":"","header-below-stick-meta":"","astra-migrate-meta-layouts":"default","ast-page-background-enabled":"default","ast-page-background-meta":{"desktop":{"background-color":"var(--ast-global-color-4)","background-image":"","background-repeat":"repeat","background-position":"center center","background-size":"auto","background-attachment":"scroll","background-type":"","background-media":"","overlay-type":"","overlay-color":"","overlay-opacity":"","overlay-gradient":""},"tablet":{"background-color":"","background-image":"","background-repeat":"repeat","background-position":"center center","background-size":"auto","background-attachment":"scroll","background-type":"","background-media":"","overlay-type":"","overlay-color":"","overlay-opacity":"","overlay-gradient":""},"mobile":{"background-color":"","background-image":"","background-repeat":"repeat","background-position":"center center","background-size":"auto","background-attachment":"scroll","background-type":"","background-media":"","overlay-type":"","overlay-color":"","overlay-opacity":"","overlay-gradient":""}},"ast-content-background-meta":{"desktop":{"background-color":"var(--ast-global-color-5)","background-image":"","background-repeat":"repeat","background-position":"center center","background-size":"auto","background-attachment":"scroll","background-type":"","background-media":"","overlay-type":"","overlay-color":"","overlay-opacity":"","overlay-gradient":""},"tablet":{"background-color":"var(--ast-global-color-5)","background-image":"","background-repeat":"repeat","background-position":"center center","background-size":"auto","background-attachment":"scroll","background-type":"","background-media":"","overlay-type":"","overlay-color":"","overlay-opacity":"","overlay-gradient":""},"mobile":{"background-color":"var(--ast-global-color-5)","background-image":"","background-repeat":"repeat","background-position":"center center","background-size":"auto","background-attachment":"scroll","background-type":"","background-media":"","overlay-type":"","overlay-color":"","overlay-opacity":"","overlay-gradient":""}},"_vp_format_video_url":"","_vp_image_focal_point":[],"_joinchat":[],"footnotes":""},"class_list":["post-5022","page","type-page","status-publish","hentry"],"_links":{"self":[{"href":"https:\/\/burualine.com\/pt-br\/wp-json\/wp\/v2\/pages\/5022","targetHints":{"allow":["GET"]}}],"collection":[{"href":"https:\/\/burualine.com\/pt-br\/wp-json\/wp\/v2\/pages"}],"about":[{"href":"https:\/\/burualine.com\/pt-br\/wp-json\/wp\/v2\/types\/page"}],"author":[{"embeddable":true,"href":"https:\/\/burualine.com\/pt-br\/wp-json\/wp\/v2\/users\/1"}],"replies":[{"embeddable":true,"href":"https:\/\/burualine.com\/pt-br\/wp-json\/wp\/v2\/comments?post=5022"}],"version-history":[{"count":26,"href":"https:\/\/burualine.com\/pt-br\/wp-json\/wp\/v2\/pages\/5022\/revisions"}],"predecessor-version":[{"id":6552,"href":"https:\/\/burualine.com\/pt-br\/wp-json\/wp\/v2\/pages\/5022\/revisions\/6552"}],"wp:attachment":[{"href":"https:\/\/burualine.com\/pt-br\/wp-json\/wp\/v2\/media?parent=5022"}],"curies":[{"name":"wp","href":"https:\/\/api.w.org\/{rel}","templated":true}]}}